{"id":8829,"date":"2019-05-12T14:21:09","date_gmt":"2019-05-12T14:21:09","guid":{"rendered":"http:\/\/changospasiuk.com\/?page_id=8829"},"modified":"2019-06-18T23:35:26","modified_gmt":"2019-06-18T23:35:26","slug":"otras-musicas","status":"publish","type":"page","link":"https:\/\/changospasiuk.com\/en\/proyectos\/otras-musicas\/","title":{"rendered":"Otras M\u00fasicas"},"content":{"rendered":"<div data-elementor-type=\"wp-post\" data-elementor-id=\"8829\" class=\"elementor elementor-8829\">\n\t\t\t\t\t\t<section class=\"elementor-section elementor-top-section elementor-element elementor-element-e92a189 elementor-section-full_width elementor-section-height-default elementor-section-height-default\" data-id=\"e92a189\" data-element_type=\"section\">\n\t\t\t\t\t\t<div class=\"elementor-container elementor-column-gap-no\">\n\t\t\t\t\t<div class=\"elementor-column elementor-col-100 elementor-top-column elementor-element elementor-element-58523c1\" data-id=\"58523c1\" data-element_type=\"column\">\n\t\t\t<div class=\"elementor-widget-wrap elementor-element-populated\">\n\t\t\t\t\t\t<div class=\"elementor-element elementor-element-218bb32 elementor-widget elementor-widget-wp-widget-rev-slider-widget\" data-id=\"218bb32\" data-element_type=\"widget\" data-widget_type=\"wp-widget-rev-slider-widget.default\">\n\t\t\t\t<div class=\"elementor-widget-container\">\n\t\t\t\t\t<link href=\"https:\/\/fonts.googleapis.com\/css?family=Poppins:600\" rel=\"stylesheet\" property=\"stylesheet\" type=\"text\/css\" media=\"all\">\n<div id=\"rev_slider_7_1_wrapper\" class=\"rev_slider_wrapper fullwidthbanner-container\" data-source=\"gallery\" style=\"margin:0px auto;background:transparent;padding:0px;margin-top:0px;margin-bottom:0px;\">\n<!-- START REVOLUTION SLIDER 5.4.7.3 auto mode -->\n\t<div id=\"rev_slider_7_1\" class=\"rev_slider fullwidthabanner\" style=\"display:none;\" data-version=\"5.4.7.3\">\n<ul>\t<!-- SLIDE  -->\n\t<li data-index=\"rs-7\" data-transition=\"fade\" data-slotamount=\"default\" data-hideafterloop=\"0\" data-hideslideonmobile=\"off\"  data-easein=\"default\" data-easeout=\"default\" data-masterspeed=\"300\"  data-rotate=\"0\"  data-saveperformance=\"off\"  data-title=\"Slide\" data-param1=\"\" data-param2=\"\" data-param3=\"\" data-param4=\"\" data-param5=\"\" data-param6=\"\" data-param7=\"\" data-param8=\"\" data-param9=\"\" data-param10=\"\" data-description=\"\">\n\t\t<!-- MAIN IMAGE -->\n\t\t<img fetchpriority=\"high\" decoding=\"async\" src=\"https:\/\/changospasiuk.com\/wp-content\/uploads\/2019\/06\/otras-musicas.jpg\"  alt=\"\" title=\"otras musicas\"  width=\"4743\" height=\"3162\" data-bgposition=\"center top\" data-kenburns=\"on\" data-duration=\"32000\" data-ease=\"Linear.easeNone\" data-scalestart=\"100\" data-scaleend=\"120\" data-rotatestart=\"0\" data-rotateend=\"0\" data-blurstart=\"0\" data-blurend=\"0\" data-offsetstart=\"0 -400\" data-offsetend=\"0 100\" data-bgparallax=\"15\" class=\"rev-slidebg\" data-no-retina>\n\t\t<!-- LAYERS -->\n\n\t\t<!-- LAYER NR. 1 -->\n\t\t<div class=\"tp-caption mont   tp-resizeme\" \n\t\t\t id=\"slide-7-layer-1\" \n\t\t\t data-x=\"['center','center','center','center']\" data-hoffset=\"['0','0','0','-127']\" \n\t\t\t data-y=\"['middle','middle','middle','middle']\" data-voffset=\"['0','0','0','416']\" \n\t\t\t\t\t\tdata-width=\"['347','347','347','434']\"\n\t\t\tdata-height=\"['23','23','23','none']\"\n\t\t\tdata-whitespace=\"nowrap\"\n \n\t\t\tdata-type=\"text\" \n\t\t\tdata-responsive_offset=\"on\" \n\n\t\t\tdata-frames='[{\"delay\":0,\"speed\":300,\"frame\":\"0\",\"from\":\"opacity:0;\",\"to\":\"o:1;\",\"ease\":\"Power3.easeInOut\"},{\"delay\":\"wait\",\"speed\":300,\"frame\":\"999\",\"to\":\"opacity:0;\",\"ease\":\"Power3.easeInOut\"}]'\n\t\t\tdata-textalign=\"['inherit','inherit','inherit','inherit']\"\n\t\t\tdata-paddingtop=\"[0,0,0,0]\"\n\t\t\tdata-paddingright=\"[0,0,0,0]\"\n\t\t\tdata-paddingbottom=\"[0,0,0,0]\"\n\t\t\tdata-paddingleft=\"[0,0,0,0]\"\n\n\t\t\tstyle=\"z-index: 5; min-width: 347px; max-width: 347px; max-width: 23px; max-width: 23px; white-space: nowrap; font-size: 60px; line-height: 22px; font-weight: 600; color: #ffffff; letter-spacing: 0px;font-family:Poppins;\">Otras M\u00fasicas <\/div>\n\t<\/li>\n<\/ul>\n<div class=\"tp-bannertimer tp-bottom\" style=\"visibility: hidden !important;\"><\/div>\t<\/div>\n<script>var htmlDiv = document.getElementById(\"rs-plugin-settings-inline-css\"); var htmlDivCss=\"\";\n\t\t\t\tif(htmlDiv) {\n\t\t\t\t\thtmlDiv.innerHTML = htmlDiv.innerHTML + htmlDivCss;\n\t\t\t\t}else{\n\t\t\t\t\tvar htmlDiv = document.createElement(\"div\");\n\t\t\t\t\thtmlDiv.innerHTML = \"<style>\" + htmlDivCss + \"<\/style>\";\n\t\t\t\t\tdocument.getElementsByTagName(\"head\")[0].appendChild(htmlDiv.childNodes[0]);\n\t\t\t\t}\n\t\t\t<\/script>\n\t\t<script type=\"text\/javascript\">\nif (setREVStartSize!==undefined) setREVStartSize(\n\t{c: '#rev_slider_7_1', responsiveLevels: [1240,1240,778,480], gridwidth: [1240,1240,778,480], gridheight: [540,540,500,430], sliderLayout: 'auto'});\n\t\t\t\nvar revapi7,\n\ttpj;\t\n(function() {\t\t\t\n\tif (!\/loaded|interactive|complete\/.test(document.readyState)) document.addEventListener(\"DOMContentLoaded\",onLoad); else onLoad();\t\n\tfunction onLoad() {\t\t\t\t\n\t\tif (tpj===undefined) { tpj = jQuery; if(\"off\" == \"on\") tpj.noConflict();}\n\tif(tpj(\"#rev_slider_7_1\").revolution == undefined){\n\t\trevslider_showDoubleJqueryError(\"#rev_slider_7_1\");\n\t}else{\n\t\trevapi7 = tpj(\"#rev_slider_7_1\").show().revolution({\n\t\t\tsliderType:\"hero\",\n\t\t\tjsFileLocation:\"\/\/changospasiuk.com\/wp-content\/plugins\/revslider\/public\/assets\/js\/\",\n\t\t\tsliderLayout:\"auto\",\n\t\t\tdottedOverlay:\"none\",\n\t\t\tdelay:9000,\n\t\t\tresponsiveLevels:[1240,1240,778,480],\n\t\t\tvisibilityLevels:[1240,1240,778,480],\n\t\t\tgridwidth:[1240,1240,778,480],\n\t\t\tgridheight:[540,540,500,430],\n\t\t\tlazyType:\"none\",\n\t\t\tparallax: {\n\t\t\t\ttype:\"mouse+scroll\",\n\t\t\t\torigo:\"enterpoint\",\n\t\t\t\tspeed:400,\n\t\t\t\tspeedbg:0,\n\t\t\t\tspeedls:0,\n\t\t\t\tlevels:[5,10,15,20,25,30,35,40,45,46,47,48,49,50,51,55],\n\t\t\t},\n\t\t\tshadow:0,\n\t\t\tspinner:\"spinner0\",\n\t\t\tautoHeight:\"off\",\n\t\t\tdisableProgressBar:\"on\",\n\t\t\thideThumbsOnMobile:\"off\",\n\t\t\thideSliderAtLimit:0,\n\t\t\thideCaptionAtLimit:0,\n\t\t\thideAllCaptionAtLilmit:0,\n\t\t\tdebugMode:false,\n\t\t\tfallbacks: {\n\t\t\t\tsimplifyAll:\"off\",\n\t\t\t\tdisableFocusListener:false,\n\t\t\t}\n\t\t});\n\t}; \/* END OF revapi call *\/\n\t\n }; \/* END OF ON LOAD FUNCTION *\/\n}()); \/* END OF WRAPPING FUNCTION *\/\n<\/script>\n\t\t<\/div><!-- END REVOLUTION SLIDER -->\t\t\t\t<\/div>\n\t\t\t\t<\/div>\n\t\t\t\t\t<\/div>\n\t\t<\/div>\n\t\t\t\t\t<\/div>\n\t\t<\/section>\n\t\t\t\t<section class=\"elementor-section elementor-top-section elementor-element elementor-element-2b26fd4a elementor-section-boxed elementor-section-height-default elementor-section-height-default\" data-id=\"2b26fd4a\" data-element_type=\"section\" data-settings=\"{&quot;background_background&quot;:&quot;classic&quot;}\">\n\t\t\t\t\t\t<div class=\"elementor-container elementor-column-gap-no\">\n\t\t\t\t\t<div class=\"elementor-column elementor-col-100 elementor-top-column elementor-element elementor-element-1dc28a8e\" data-id=\"1dc28a8e\" data-element_type=\"column\">\n\t\t\t<div class=\"elementor-widget-wrap elementor-element-populated\">\n\t\t\t\t\t\t<div class=\"elementor-element elementor-element-4cf6ae96 elementor-widget elementor-widget-heading\" data-id=\"4cf6ae96\" data-element_type=\"widget\" data-widget_type=\"heading.default\">\n\t\t\t\t<div class=\"elementor-widget-container\">\n\t\t\t\t\t<h2 class=\"elementor-heading-title elementor-size-default\">Otras M\u00fasicas<\/h2>\t\t\t\t<\/div>\n\t\t\t\t<\/div>\n\t\t\t\t\t<\/div>\n\t\t<\/div>\n\t\t\t\t\t<\/div>\n\t\t<\/section>\n\t\t\t\t<section class=\"elementor-section elementor-top-section elementor-element elementor-element-552aa6b elementor-section-boxed elementor-section-height-default elementor-section-height-default\" data-id=\"552aa6b\" data-element_type=\"section\">\n\t\t\t\t\t\t<div class=\"elementor-container elementor-column-gap-default\">\n\t\t\t\t\t<div class=\"elementor-column elementor-col-100 elementor-top-column elementor-element elementor-element-32d26391\" data-id=\"32d26391\" data-element_type=\"column\">\n\t\t\t<div class=\"elementor-widget-wrap elementor-element-populated\">\n\t\t\t\t\t\t<div class=\"elementor-element elementor-element-49cc0c25 elementor-widget elementor-widget-heading\" data-id=\"49cc0c25\" data-element_type=\"widget\" data-widget_type=\"heading.default\">\n\t\t\t\t<div class=\"elementor-widget-container\">\n\t\t\t\t\t<h2 class=\"elementor-heading-title elementor-size-default\">The Project<\/h2>\t\t\t\t<\/div>\n\t\t\t\t<\/div>\n\t\t\t\t<div class=\"elementor-element elementor-element-73aeef14 elementor-widget elementor-widget-text-editor\" data-id=\"73aeef14\" data-element_type=\"widget\" data-widget_type=\"text-editor.default\">\n\t\t\t\t<div class=\"elementor-widget-container\">\n\t\t\t\t\t\t\t\t\t<p>In 1999, my music was used in the making of a film for the first time, and ever\nsince, every time I was called upon to collaborate in the composing of the\nsoundtrack for films, documentaries or plays, I accepted each great challenge with\nthe firm purpose of learning and experiencing new aesthetics and sonorities,\nbeyond my own personal.<\/p><p>A casi 17 a\u00f1os de esta primera experiencia que me llev\u00f3 de alguna manera a estas Otras M\u00fasicas, me encontr\u00e9 con mucho material que poca gente conoce y que gran parte nunca fue interpretada en vivo en mis conciertos.<\/p><p class=\"translation-block\">Casi todo lo compongo en el piano y particularmente me gusta mucho este instrumento; en estos proyectos he trabajado con grandes pianistas como: Bob Telson, Popi Spatocco y Diego Schissi. No me expreso s\u00f3lo con el acorde\u00f3n, si no con las ideas, que tan bien fueron captadas y desarrolladas por los talentosos artistas que forman parte de este disco.<br>Tem\u00eda que estas canciones se pierdan, que queden escondidas por ah\u00ed o en el olvido, por eso las comparto con ustedes.<\/p><p class=\"translation-block\">Hay diferentes &nbsp;ritmos, texturas, sonoridades y tradiciones, pero como dice Kuds\u00ed&nbsp;Erguner:<br>\u201cLa m\u00fasica es una porque es infinita y est\u00e1 habitada por todas las diferencias\u00bb.<\/p>\t\t\t\t\t\t\t\t<\/div>\n\t\t\t\t<\/div>\n\t\t\t\t\t<\/div>\n\t\t<\/div>\n\t\t\t\t\t<\/div>\n\t\t<\/section>\n\t\t\t\t<section class=\"elementor-section elementor-top-section elementor-element elementor-element-1cc42d30 elementor-section-boxed elementor-section-height-default elementor-section-height-default\" data-id=\"1cc42d30\" data-element_type=\"section\">\n\t\t\t\t\t\t<div class=\"elementor-container elementor-column-gap-default\">\n\t\t\t\t\t<div class=\"elementor-column elementor-col-100 elementor-top-column elementor-element elementor-element-20b9e00a\" data-id=\"20b9e00a\" data-element_type=\"column\">\n\t\t\t<div class=\"elementor-widget-wrap elementor-element-populated\">\n\t\t\t\t\t\t<div class=\"elementor-element elementor-element-b6d94c5 elementor-widget elementor-widget-html\" data-id=\"b6d94c5\" data-element_type=\"widget\" data-widget_type=\"html.default\">\n\t\t\t\t<div class=\"elementor-widget-container\">\n\t\t\t\t\t<iframe width=\"560\" height=\"300\" src=\"https:\/\/www.youtube.com\/embed\/839JjrggoEo\" frameborder=\"0\" allow=\"accelerometer; autoplay; encrypted-media; gyroscope; picture-in-picture\" allowfullscreen><\/iframe>\t\t\t\t<\/div>\n\t\t\t\t<\/div>\n\t\t\t\t\t<\/div>\n\t\t<\/div>\n\t\t\t\t\t<\/div>\n\t\t<\/section>\n\t\t\t\t<\/div>","protected":false},"excerpt":{"rendered":"<p>Otras M\u00fasicas El Proyecto En el a\u00f1o 1999 por primera vez se utiliz\u00f3 mi m\u00fasica en una pel\u00edcula; a partir&#8230;<\/p>","protected":false},"author":1,"featured_media":0,"parent":8508,"menu_order":0,"comment_status":"closed","ping_status":"closed","template":"elementor_header_footer","meta":{"footnotes":""},"class_list":["post-8829","page","type-page","status-publish","hentry"],"_links":{"self":[{"href":"https:\/\/changospasiuk.com\/en\/wp-json\/wp\/v2\/pages\/8829","targetHints":{"allow":["GET"]}}],"collection":[{"href":"https:\/\/changospasiuk.com\/en\/wp-json\/wp\/v2\/pages"}],"about":[{"href":"https:\/\/changospasiuk.com\/en\/wp-json\/wp\/v2\/types\/page"}],"author":[{"embeddable":true,"href":"https:\/\/changospasiuk.com\/en\/wp-json\/wp\/v2\/users\/1"}],"replies":[{"embeddable":true,"href":"https:\/\/changospasiuk.com\/en\/wp-json\/wp\/v2\/comments?post=8829"}],"version-history":[{"count":3,"href":"https:\/\/changospasiuk.com\/en\/wp-json\/wp\/v2\/pages\/8829\/revisions"}],"predecessor-version":[{"id":9379,"href":"https:\/\/changospasiuk.com\/en\/wp-json\/wp\/v2\/pages\/8829\/revisions\/9379"}],"up":[{"embeddable":true,"href":"https:\/\/changospasiuk.com\/en\/wp-json\/wp\/v2\/pages\/8508"}],"wp:attachment":[{"href":"https:\/\/changospasiuk.com\/en\/wp-json\/wp\/v2\/media?parent=8829"}],"curies":[{"name":"wp","href":"https:\/\/api.w.org\/{rel}","templated":true}]}}