{"id":9964,"date":"2025-02-09T19:28:47","date_gmt":"2025-02-09T19:28:47","guid":{"rendered":"http:\/\/changospasiuk.com\/?page_id=9964"},"modified":"2025-02-24T12:58:20","modified_gmt":"2025-02-24T12:58:20","slug":"chango-spasiuk-taco-y-suela-tradicion","status":"publish","type":"page","link":"https:\/\/changospasiuk.com\/en\/proyectos\/chango-spasiuk-taco-y-suela-tradicion\/","title":{"rendered":"Chango Spasiuk Taco y Suela tradicion"},"content":{"rendered":"<div data-elementor-type=\"wp-post\" data-elementor-id=\"9964\" class=\"elementor elementor-9964\">\n\t\t\t\t\t\t<section class=\"elementor-section elementor-top-section elementor-element elementor-element-e022599 elementor-section-full_width elementor-section-height-default elementor-section-height-default\" data-id=\"e022599\" data-element_type=\"section\">\n\t\t\t\t\t\t<div class=\"elementor-container elementor-column-gap-no\">\n\t\t\t\t\t<div class=\"elementor-column elementor-col-100 elementor-top-column elementor-element elementor-element-5de019f\" data-id=\"5de019f\" data-element_type=\"column\">\n\t\t\t<div class=\"elementor-widget-wrap elementor-element-populated\">\n\t\t\t\t\t\t<div class=\"elementor-element elementor-element-472b17f elementor-widget elementor-widget-wp-widget-rev-slider-widget\" data-id=\"472b17f\" data-element_type=\"widget\" data-widget_type=\"wp-widget-rev-slider-widget.default\">\n\t\t\t\t<div class=\"elementor-widget-container\">\n\t\t\t\t\t<link href=\"https:\/\/fonts.googleapis.com\/css?family=Poppins:400\" rel=\"stylesheet\" property=\"stylesheet\" type=\"text\/css\" media=\"all\">\n<div id=\"rev_slider_19_1_wrapper\" class=\"rev_slider_wrapper fullwidthbanner-container\" data-source=\"gallery\" style=\"margin:0px auto;background:transparent;padding:0px;margin-top:0px;margin-bottom:0px;\">\n<!-- START REVOLUTION SLIDER 5.4.7.3 auto mode -->\n\t<div id=\"rev_slider_19_1\" class=\"rev_slider fullwidthabanner\" style=\"display:none;\" data-version=\"5.4.7.3\">\n<ul>\t<!-- SLIDE  -->\n\t<li data-index=\"rs-20\" data-transition=\"fade\" data-slotamount=\"default\" data-hideafterloop=\"0\" data-hideslideonmobile=\"off\"  data-easein=\"default\" data-easeout=\"default\" data-masterspeed=\"300\"  data-rotate=\"0\"  data-saveperformance=\"off\"  data-title=\"Slide\" data-param1=\"\" data-param2=\"\" data-param3=\"\" data-param4=\"\" data-param5=\"\" data-param6=\"\" data-param7=\"\" data-param8=\"\" data-param9=\"\" data-param10=\"\" data-description=\"\">\n\t\t<!-- MAIN IMAGE -->\n\t\t<img fetchpriority=\"high\" decoding=\"async\" src=\"https:\/\/changospasiuk.com\/wp-content\/uploads\/2025\/02\/TyS02_Chango.jpg\"  alt=\"\" title=\"TyS02_Chango\"  width=\"1920\" height=\"1080\" data-bgposition=\"center top\" data-kenburns=\"on\" data-duration=\"32000\" data-ease=\"Linear.easeNone\" data-scalestart=\"100\" data-scaleend=\"100\" data-rotatestart=\"0\" data-rotateend=\"0\" data-blurstart=\"0\" data-blurend=\"0\" data-offsetstart=\"0 -10\" data-offsetend=\"0 -600\" data-bgparallax=\"15\" class=\"rev-slidebg\" data-no-retina>\n\t\t<!-- LAYERS -->\n\n\t\t<!-- LAYER NR. 1 -->\n\t\t<h1 class=\"tp-caption montse   tp-resizeme\" \n\t\t\t id=\"slide-20-layer-1\" \n\t\t\t data-x=\"['center','center','center','center']\" data-hoffset=\"['0','0','0','-65']\" \n\t\t\t data-y=\"['middle','middle','middle','middle']\" data-voffset=\"['0','0','0','449']\" \n\t\t\t\t\t\tdata-width=\"['100%','100%','100%','392']\"\n\t\t\tdata-height=\"['none','none','none','117']\"\n\t\t\tdata-whitespace=\"nowrap\"\n \n\t\t\tdata-type=\"text\" \n\t\t\tdata-responsive_offset=\"on\" \n\n\t\t\tdata-frames='[{\"delay\":10,\"speed\":300,\"frame\":\"0\",\"from\":\"opacity:0;\",\"to\":\"o:1;\",\"ease\":\"Power3.easeInOut\"},{\"delay\":\"wait\",\"speed\":300,\"frame\":\"999\",\"to\":\"opacity:0;\",\"ease\":\"Power3.easeInOut\"}]'\n\t\t\tdata-textalign=\"['center','center','center','inherit']\"\n\t\t\tdata-paddingtop=\"[0,0,0,0]\"\n\t\t\tdata-paddingright=\"[0,0,0,0]\"\n\t\t\tdata-paddingbottom=\"[0,0,0,0]\"\n\t\t\tdata-paddingleft=\"[0,0,0,0]\"\n\n\t\t\tstyle=\"z-index: 5; min-width: 100%px; max-width: 100%px; white-space: nowrap; font-size: 60px; line-height: 60px; font-weight: 400; color: #ffffff; letter-spacing: 0px;font-family:Poppins;\">Chango Spasiuk<br> Taco y Suela Tradici\u00f3n <\/h1>\n\t<\/li>\n<\/ul>\n<div class=\"tp-bannertimer tp-bottom\" style=\"visibility: hidden !important;\"><\/div>\t<\/div>\n<script>var htmlDiv = document.getElementById(\"rs-plugin-settings-inline-css\"); var htmlDivCss=\"\";\n\t\t\t\tif(htmlDiv) {\n\t\t\t\t\thtmlDiv.innerHTML = htmlDiv.innerHTML + htmlDivCss;\n\t\t\t\t}else{\n\t\t\t\t\tvar htmlDiv = document.createElement(\"div\");\n\t\t\t\t\thtmlDiv.innerHTML = \"<style>\" + htmlDivCss + \"<\/style>\";\n\t\t\t\t\tdocument.getElementsByTagName(\"head\")[0].appendChild(htmlDiv.childNodes[0]);\n\t\t\t\t}\n\t\t\t<\/script>\n\t\t<script type=\"text\/javascript\">\nif (setREVStartSize!==undefined) setREVStartSize(\n\t{c: '#rev_slider_19_1', responsiveLevels: [1240,1240,778,480], gridwidth: [1240,1240,778,480], gridheight: [540,540,500,430], sliderLayout: 'auto'});\n\t\t\t\nvar revapi19,\n\ttpj;\t\n(function() {\t\t\t\n\tif (!\/loaded|interactive|complete\/.test(document.readyState)) document.addEventListener(\"DOMContentLoaded\",onLoad); else onLoad();\t\n\tfunction onLoad() {\t\t\t\t\n\t\tif (tpj===undefined) { tpj = jQuery; if(\"off\" == \"on\") tpj.noConflict();}\n\tif(tpj(\"#rev_slider_19_1\").revolution == undefined){\n\t\trevslider_showDoubleJqueryError(\"#rev_slider_19_1\");\n\t}else{\n\t\trevapi19 = tpj(\"#rev_slider_19_1\").show().revolution({\n\t\t\tsliderType:\"hero\",\n\t\t\tjsFileLocation:\"\/\/changospasiuk.com\/wp-content\/plugins\/revslider\/public\/assets\/js\/\",\n\t\t\tsliderLayout:\"auto\",\n\t\t\tdottedOverlay:\"none\",\n\t\t\tdelay:9000,\n\t\t\tresponsiveLevels:[1240,1240,778,480],\n\t\t\tvisibilityLevels:[1240,1240,778,480],\n\t\t\tgridwidth:[1240,1240,778,480],\n\t\t\tgridheight:[540,540,500,430],\n\t\t\tlazyType:\"none\",\n\t\t\tparallax: {\n\t\t\t\ttype:\"mouse+scroll\",\n\t\t\t\torigo:\"enterpoint\",\n\t\t\t\tspeed:400,\n\t\t\t\tspeedbg:0,\n\t\t\t\tspeedls:0,\n\t\t\t\tlevels:[5,10,15,20,25,30,35,40,45,46,47,48,49,50,51,55],\n\t\t\t},\n\t\t\tshadow:0,\n\t\t\tspinner:\"spinner0\",\n\t\t\tautoHeight:\"off\",\n\t\t\tdisableProgressBar:\"on\",\n\t\t\thideThumbsOnMobile:\"off\",\n\t\t\thideSliderAtLimit:0,\n\t\t\thideCaptionAtLimit:0,\n\t\t\thideAllCaptionAtLilmit:0,\n\t\t\tdebugMode:false,\n\t\t\tfallbacks: {\n\t\t\t\tsimplifyAll:\"off\",\n\t\t\t\tdisableFocusListener:false,\n\t\t\t}\n\t\t});\n\t}; \/* END OF revapi call *\/\n\t\n }; \/* END OF ON LOAD FUNCTION *\/\n}()); \/* END OF WRAPPING FUNCTION *\/\n<\/script>\n\t\t<\/div><!-- END REVOLUTION SLIDER -->\t\t\t\t<\/div>\n\t\t\t\t<\/div>\n\t\t\t\t\t<\/div>\n\t\t<\/div>\n\t\t\t\t\t<\/div>\n\t\t<\/section>\n\t\t\t\t<section class=\"elementor-section elementor-top-section elementor-element elementor-element-1e27c246 elementor-section-boxed elementor-section-height-default elementor-section-height-default\" data-id=\"1e27c246\" data-element_type=\"section\" data-settings=\"{&quot;background_background&quot;:&quot;classic&quot;}\">\n\t\t\t\t\t\t<div class=\"elementor-container elementor-column-gap-no\">\n\t\t\t\t\t<div class=\"elementor-column elementor-col-100 elementor-top-column elementor-element elementor-element-a89bae1\" data-id=\"a89bae1\" data-element_type=\"column\">\n\t\t\t<div class=\"elementor-widget-wrap elementor-element-populated\">\n\t\t\t\t\t\t<div class=\"elementor-element elementor-element-61e15e56 elementor-widget elementor-widget-heading\" data-id=\"61e15e56\" data-element_type=\"widget\" data-widget_type=\"heading.default\">\n\t\t\t\t<div class=\"elementor-widget-container\">\n\t\t\t\t\t<h2 class=\"elementor-heading-title elementor-size-default\">Chango Spasiuk \nTaco y Suela Tradici\u00f3n<\/h2>\t\t\t\t<\/div>\n\t\t\t\t<\/div>\n\t\t\t\t\t<\/div>\n\t\t<\/div>\n\t\t\t\t\t<\/div>\n\t\t<\/section>\n\t\t\t\t<section class=\"elementor-section elementor-top-section elementor-element elementor-element-4513392c elementor-section-boxed elementor-section-height-default elementor-section-height-default\" data-id=\"4513392c\" data-element_type=\"section\">\n\t\t\t\t\t\t<div class=\"elementor-container elementor-column-gap-default\">\n\t\t\t\t\t<div class=\"elementor-column elementor-col-100 elementor-top-column elementor-element elementor-element-11cb4ab4\" data-id=\"11cb4ab4\" data-element_type=\"column\">\n\t\t\t<div class=\"elementor-widget-wrap elementor-element-populated\">\n\t\t\t\t\t\t<div class=\"elementor-element elementor-element-68b4b3f1 elementor-widget elementor-widget-heading\" data-id=\"68b4b3f1\" data-element_type=\"widget\" data-widget_type=\"heading.default\">\n\t\t\t\t<div class=\"elementor-widget-container\">\n\t\t\t\t\t<h2 class=\"elementor-heading-title elementor-size-default\">The Project<\/h2>\t\t\t\t<\/div>\n\t\t\t\t<\/div>\n\t\t\t\t<div class=\"elementor-element elementor-element-c1e6cc2 elementor-widget elementor-widget-text-editor\" data-id=\"c1e6cc2\" data-element_type=\"widget\" data-widget_type=\"text-editor.default\">\n\t\t\t\t<div class=\"elementor-widget-container\">\n\t\t\t\t\t\t\t\t\t<p>El maestro argentino Chango Spasiuk, la figura internacional del chamam\u00e9, sigue su carrera con un nuevo proyecto que emocionar\u00e1 escenarios de todo el mundo. Con su repertorio \u201cTaco y suela: tradici\u00f3n\u201d, bajo formato tr\u00edo, contin\u00faa con su labor de transmisi\u00f3n de las fuerzas de su tierra natal. Chango Spasiuk evoca aqu\u00ed a los padres fundadores de aquello que es mucho m\u00e1s que un g\u00e9nero musical: se trata de la historia de una cultura viva y mestiza, conectada con la naturaleza y en di\u00e1logo permanente con la espiritualidad&#8230;\u00a0<\/p><p>Dentro del retrato de esta mirada que conecta a un pasado fecundo con un futuro prometedor se encuentra, en esta nueva colaboraci\u00f3n, con el joven acordeonista <strong>Enzo Demartini<\/strong>. El virtuosismo de los dos se complementan entre lo diat\u00f3nico y lo crom\u00e1tico, mientras que su c\u00f3mplice, <strong>Marcos Villalba<\/strong>, sobresale en la percusi\u00f3n.<\/p><p>El refr\u00e1n local evoca que el chamam\u00e9 es una oraci\u00f3n que se baila, una danza que se reza&#8230; Es un trance suave y poderoso, una m\u00fasica que conecta al cuerpo con el coraz\u00f3n para llevar al p\u00fablico a una celebrada comuni\u00f3n universal!<\/p><p>Decir \u2018universo\u2019 no es un lugar com\u00fan cuando se trata del prodigioso acordeonista Chango Spasiuk, maestro del chamam\u00e9. Desde su lugar del mundo, cre\u00f3 un v\u00ednculo com\u00fan entre la tradici\u00f3n y la m\u00fasica cl\u00e1sica, entre los matices modernos del jazz y la electr\u00f3nica, entre la excelencia musical y la energ\u00eda festiva que une a las personas entre continentes. En diciembre del 2020, este universo fue reconocido por la UNESCO al inscribir al chamam\u00e9 en la lista del Patrimonio cultural inmaterial de la Humanidad, reforzando a\u00fan m\u00e1s su condici\u00f3n de figura mundial de dicho g\u00e9nero.<\/p><p>De ra\u00edces familiares provenientes de Ucrania, Chango Spasiuk siente hoy m\u00e1s que nunca la importancia de la resistencia cultural y de la influencia universal de su arte. Nacido en el noreste argentino, Chango Spasiuk se ha convertido en uno de los principales representantes del chamam\u00e9, g\u00e9nero musical que refleja un origen de intenso mestizaje. De suelo guaran\u00ed -nativo y americano-, pero globalizado en su impronta cultural espa\u00f1ola, y en la de sus ancestros eslavos de Ucrania, el hipn\u00f3tico Chango Spasiuk hace vibrar escenarios alrededor del mundo hace m\u00e1s de treinta a\u00f1os. Ha transitado por los sitios m\u00e1s prestigiosos de la alta cultura junto a los\u00a0 escenarios de car\u00e1cter popular y contempor\u00e1neo.<\/p><p><span style=\"font-weight: var( --e-global-typography-text-font-weight );\">En su compromiso con la transmisi\u00f3n de la tradici\u00f3n chamamecera, incorpor\u00f3 otros g\u00e9neros musicales e innovaciones del mundo actual, con el deseo de compartir la universalidad de su mestizaje cultural: programas de radio y televisi\u00f3n, documentales, m\u00fasica para pel\u00edculas, colaboraciones musicales multig\u00e9nero y transnacionales, conciertos y experiencias compartidas v\u00eda streaming\u2026<\/span><\/p><p><span style=\"font-weight: var( --e-global-typography-text-font-weight );\">Chango Spasiuk es un prol\u00edfico artista cuya libertad creativa se eleva exponencialmente en contacto con los artistas con quien ha colaborado: Mercedes Sosa, Raul Barboza, Bobby Mc Ferrin, Cyro Batista, Kepa Junkera, Carlos Nu\u00f1ez, Chancha Via Circuito, Per Einar Watle\u2026 A pesar de lo prol\u00edfico, y de la variedad de sus proyectos, este m\u00fasico multifac\u00e9tico siempre sabe d\u00f3nde ubicar el centro de su universo.<\/span><\/p><p><span style=\"font-weight: var( --e-global-typography-text-font-weight );\">Cuenta con una magn\u00edfica discograf\u00eda iniciada en 1989, tambi\u00e9n premios nacionales e internacionales, y una prensa prestigiosa. De esta manera, Chango Spasiuk expande la energ\u00eda de su tierra roja natal alrededor del mundo.\u00a0<\/span><\/p><p><em>Por esta raz\u00f3n, no sorprende encontrar a un artista francesa en esta aventura musical. Inspirada, desde sus comienzos, por la impronta de la m\u00fasica argentina, la cantante <strong>Mandy Lerouge<\/strong> r\u00e1pidamente conect\u00f3 con la tradici\u00f3n de la transmisi\u00f3n oral, para nutrirse de ella de manera autodidacta y refinada. Despu\u00e9s de haber compartido prestigiosos escenarios en Europa y Argentina con Chango, como tambi\u00e9n con Melingo y Minino Garay, aporta con su voz a este nuevo repertorio \u201cTaco y suela: tradici\u00f3n\u201d.<\/em><\/p>\t\t\t\t\t\t\t\t<\/div>\n\t\t\t\t<\/div>\n\t\t\t\t\t<\/div>\n\t\t<\/div>\n\t\t\t\t\t<\/div>\n\t\t<\/section>\n\t\t\t\t<section class=\"elementor-section elementor-top-section elementor-element elementor-element-2c4b657c elementor-section-boxed elementor-section-height-default elementor-section-height-default\" data-id=\"2c4b657c\" data-element_type=\"section\">\n\t\t\t\t\t\t<div class=\"elementor-container elementor-column-gap-default\">\n\t\t\t\t\t<div class=\"elementor-column elementor-col-100 elementor-top-column elementor-element elementor-element-2561e77a\" data-id=\"2561e77a\" data-element_type=\"column\">\n\t\t\t<div class=\"elementor-widget-wrap elementor-element-populated\">\n\t\t\t\t\t\t<div class=\"elementor-element elementor-element-d99e7e6 elementor-widget elementor-widget-heading\" data-id=\"d99e7e6\" data-element_type=\"widget\" data-widget_type=\"heading.default\">\n\t\t\t\t<div class=\"elementor-widget-container\">\n\t\t\t\t\t<h2 class=\"elementor-heading-title elementor-size-default\">EPK - Chango Spasiuk Taco y Suela Tradici\u00f3n<\/h2>\t\t\t\t<\/div>\n\t\t\t\t<\/div>\n\t\t\t\t<div class=\"elementor-element elementor-element-5d27cd9 elementor-widget elementor-widget-html\" data-id=\"5d27cd9\" data-element_type=\"widget\" data-widget_type=\"html.default\">\n\t\t\t\t<div class=\"elementor-widget-container\">\n\t\t\t\t\t<iframe width=\"560\" height=\"315\" src=\"https:\/\/www.youtube.com\/embed\/1-gdeHTRY6Y?si=sv8XfWeHk8WpXMq7\" title=\"YouTube video player\" frameborder=\"0\" allow=\"accelerometer; autoplay; clipboard-write; encrypted-media; gyroscope; picture-in-picture; web-share\" referrerpolicy=\"strict-origin-when-cross-origin\" allowfullscreen><\/iframe>\t\t\t\t<\/div>\n\t\t\t\t<\/div>\n\t\t\t\t\t<\/div>\n\t\t<\/div>\n\t\t\t\t\t<\/div>\n\t\t<\/section>\n\t\t\t\t<section class=\"elementor-section elementor-top-section elementor-element elementor-element-81410a9 elementor-section-boxed elementor-section-height-default elementor-section-height-default\" data-id=\"81410a9\" data-element_type=\"section\">\n\t\t\t\t\t\t<div class=\"elementor-container elementor-column-gap-default\">\n\t\t\t\t\t<div class=\"elementor-column elementor-col-33 elementor-top-column elementor-element elementor-element-9c00f2a\" data-id=\"9c00f2a\" data-element_type=\"column\">\n\t\t\t<div class=\"elementor-widget-wrap elementor-element-populated\">\n\t\t\t\t\t\t<div class=\"elementor-element elementor-element-9f5a552 elementor-widget elementor-widget-heading\" data-id=\"9f5a552\" data-element_type=\"widget\" data-widget_type=\"heading.default\">\n\t\t\t\t<div class=\"elementor-widget-container\">\n\t\t\t\t\t<h2 class=\"elementor-heading-title elementor-size-default\">Chango Spasiuk Trio \/ Taco y Suela Tradicio\u0301n - Teaser en versio\u0301n resumida<\/h2>\t\t\t\t<\/div>\n\t\t\t\t<\/div>\n\t\t\t\t<div class=\"elementor-element elementor-element-382ba19 elementor-invisible elementor-widget elementor-widget-heading\" data-id=\"382ba19\" data-element_type=\"widget\" data-settings=\"{&quot;_animation&quot;:&quot;fadeIn&quot;}\" data-widget_type=\"heading.default\">\n\t\t\t\t<div class=\"elementor-widget-container\">\n\t\t\t\t\t<h2 class=\"elementor-heading-title elementor-size-default\"><\/h2>\t\t\t\t<\/div>\n\t\t\t\t<\/div>\n\t\t\t\t\t<\/div>\n\t\t<\/div>\n\t\t\t\t<div class=\"elementor-column elementor-col-33 elementor-top-column elementor-element elementor-element-0a12a34\" data-id=\"0a12a34\" data-element_type=\"column\">\n\t\t\t<div class=\"elementor-widget-wrap elementor-element-populated\">\n\t\t\t\t\t\t<div class=\"elementor-element elementor-element-84d7830 elementor-widget elementor-widget-heading\" data-id=\"84d7830\" data-element_type=\"widget\" data-widget_type=\"heading.default\">\n\t\t\t\t<div class=\"elementor-widget-container\">\n\t\t\t\t\t<h2 class=\"elementor-heading-title elementor-size-default\">Chango Spasiuk Trio \/ Taco y Suela Tradicion \/ El Curuzucuaten\u0303o<\/h2>\t\t\t\t<\/div>\n\t\t\t\t<\/div>\n\t\t\t\t<div class=\"elementor-element elementor-element-17c6681 elementor-invisible elementor-widget elementor-widget-heading\" data-id=\"17c6681\" data-element_type=\"widget\" data-settings=\"{&quot;_animation&quot;:&quot;fadeIn&quot;}\" data-widget_type=\"heading.default\">\n\t\t\t\t<div class=\"elementor-widget-container\">\n\t\t\t\t\t<h2 class=\"elementor-heading-title elementor-size-default\"><\/h2>\t\t\t\t<\/div>\n\t\t\t\t<\/div>\n\t\t\t\t\t<\/div>\n\t\t<\/div>\n\t\t\t\t<div class=\"elementor-column elementor-col-33 elementor-top-column elementor-element elementor-element-5713b0c\" data-id=\"5713b0c\" data-element_type=\"column\">\n\t\t\t<div class=\"elementor-widget-wrap elementor-element-populated\">\n\t\t\t\t\t\t<div class=\"elementor-element elementor-element-6c8ca00 elementor-widget elementor-widget-heading\" data-id=\"6c8ca00\" data-element_type=\"widget\" data-widget_type=\"heading.default\">\n\t\t\t\t<div class=\"elementor-widget-container\">\n\t\t\t\t\t<h2 class=\"elementor-heading-title elementor-size-default\">Chango Spasiuk Trio \/ Taco y Suela Tradicion \/ Amanecer campero<\/h2>\t\t\t\t<\/div>\n\t\t\t\t<\/div>\n\t\t\t\t<div class=\"elementor-element elementor-element-f5ff4b8 elementor-invisible elementor-widget elementor-widget-heading\" data-id=\"f5ff4b8\" data-element_type=\"widget\" data-settings=\"{&quot;_animation&quot;:&quot;fadeIn&quot;}\" data-widget_type=\"heading.default\">\n\t\t\t\t<div class=\"elementor-widget-container\">\n\t\t\t\t\t<h2 class=\"elementor-heading-title elementor-size-default\"><\/h2>\t\t\t\t<\/div>\n\t\t\t\t<\/div>\n\t\t\t\t\t<\/div>\n\t\t<\/div>\n\t\t\t\t\t<\/div>\n\t\t<\/section>\n\t\t\t\t<\/div>","protected":false},"excerpt":{"rendered":"<p>Chango Spasiuk Taco y Suela Tradici\u00f3n El Proyecto El maestro argentino Chango Spasiuk, la figura internacional del chamam\u00e9, sigue su&#8230;<\/p>","protected":false},"author":3,"featured_media":9975,"parent":8508,"menu_order":0,"comment_status":"closed","ping_status":"closed","template":"elementor_header_footer","meta":{"footnotes":""},"class_list":["post-9964","page","type-page","status-publish","has-post-thumbnail","hentry"],"_links":{"self":[{"href":"https:\/\/changospasiuk.com\/en\/wp-json\/wp\/v2\/pages\/9964","targetHints":{"allow":["GET"]}}],"collection":[{"href":"https:\/\/changospasiuk.com\/en\/wp-json\/wp\/v2\/pages"}],"about":[{"href":"https:\/\/changospasiuk.com\/en\/wp-json\/wp\/v2\/types\/page"}],"author":[{"embeddable":true,"href":"https:\/\/changospasiuk.com\/en\/wp-json\/wp\/v2\/users\/3"}],"replies":[{"embeddable":true,"href":"https:\/\/changospasiuk.com\/en\/wp-json\/wp\/v2\/comments?post=9964"}],"version-history":[{"count":7,"href":"https:\/\/changospasiuk.com\/en\/wp-json\/wp\/v2\/pages\/9964\/revisions"}],"predecessor-version":[{"id":9983,"href":"https:\/\/changospasiuk.com\/en\/wp-json\/wp\/v2\/pages\/9964\/revisions\/9983"}],"up":[{"embeddable":true,"href":"https:\/\/changospasiuk.com\/en\/wp-json\/wp\/v2\/pages\/8508"}],"wp:featuredmedia":[{"embeddable":true,"href":"https:\/\/changospasiuk.com\/en\/wp-json\/wp\/v2\/media\/9975"}],"wp:attachment":[{"href":"https:\/\/changospasiuk.com\/en\/wp-json\/wp\/v2\/media?parent=9964"}],"curies":[{"name":"wp","href":"https:\/\/api.w.org\/{rel}","templated":true}]}}